{"id":888,"date":"2025-04-10T19:58:54","date_gmt":"2025-04-10T17:58:54","guid":{"rendered":"https:\/\/nikidebreceni.hu\/?page_id=888"},"modified":"2025-05-12T17:08:20","modified_gmt":"2025-05-12T15:08:20","slug":"weboldal_epites","status":"publish","type":"page","link":"https:\/\/nikidebreceni.hu\/en\/weboldal_epites\/","title":{"rendered":"Website building"},"content":{"rendered":"<div data-elementor-type=\"wp-page\" data-elementor-id=\"888\" class=\"elementor elementor-888\" data-elementor-post-type=\"page\">\n\t\t\t\t<div class=\"elementor-element elementor-element-c372b7b e-flex e-con-boxed e-con e-parent\" data-id=\"c372b7b\" data-element_type=\"container\" data-e-type=\"container\" data-settings=\"{&quot;background_background&quot;:&quot;gradient&quot;}\">\n\t\t\t\t\t<div class=\"e-con-inner\">\n\t\t\t\t<div class=\"elementor-element elementor-element-30672ea elementor-widget-divider--view-line elementor-widget elementor-widget-divider\" data-id=\"30672ea\" data-element_type=\"widget\" data-e-type=\"widget\" data-widget_type=\"divider.default\">\n\t\t\t\t<div class=\"elementor-widget-container\">\n\t\t\t\t\t\t\t<div class=\"elementor-divider\">\n\t\t\t<span class=\"elementor-divider-separator\">\n\t\t\t\t\t\t<\/span>\n\t\t<\/div>\n\t\t\t\t\t\t<\/div>\n\t\t\t\t<\/div>\n\t\t\t\t<div class=\"elementor-element elementor-element-0c89899 elementor-widget elementor-widget-heading\" data-id=\"0c89899\" data-element_type=\"widget\" data-e-type=\"widget\" data-widget_type=\"heading.default\">\n\t\t\t\t<div class=\"elementor-widget-container\">\n\t\t\t\t\t<h2 class=\"elementor-heading-title elementor-size-default\">Website building<\/h2>\t\t\t\t<\/div>\n\t\t\t\t<\/div>\n\t\t\t\t<div class=\"elementor-element elementor-element-3aaa4d32 elementor-widget__width-initial elementor-widget elementor-widget-text-editor\" data-id=\"3aaa4d32\" data-element_type=\"widget\" data-e-type=\"widget\" data-widget_type=\"text-editor.default\">\n\t\t\t\t<div class=\"elementor-widget-container\">\n\t\t\t\t\t\t\t\t\t<p>A website is not just a digital portfolio \u2014 it\u2019s the foundation of your online business. The WordPress websites I build are not only visually appealing, but also easy to manage and fully customizable, making them an ideal solution for any business.<\/p>\t\t\t\t\t\t\t\t<\/div>\n\t\t\t\t<\/div>\n\t\t\t\t\t<\/div>\n\t\t\t\t<\/div>\n\t\t<div class=\"elementor-element elementor-element-5bd9f233 e-flex e-con-boxed e-con e-parent\" data-id=\"5bd9f233\" data-element_type=\"container\" data-e-type=\"container\">\n\t\t\t\t\t<div class=\"e-con-inner\">\n\t\t\t\t<div class=\"elementor-element elementor-element-ae2281b elementor-widget elementor-widget-heading\" data-id=\"ae2281b\" data-element_type=\"widget\" data-e-type=\"widget\" data-widget_type=\"heading.default\">\n\t\t\t\t<div class=\"elementor-widget-container\">\n\t\t\t\t\t<h4 class=\"elementor-heading-title elementor-size-default\">Niki Debreceni \u2013 Portfolio Website<\/h4>\t\t\t\t<\/div>\n\t\t\t\t<\/div>\n\t\t\t\t<div class=\"elementor-element elementor-element-56698aa elementor-widget__width-initial elementor-widget elementor-widget-text-editor\" data-id=\"56698aa\" data-element_type=\"widget\" data-e-type=\"widget\" data-widget_type=\"text-editor.default\">\n\t\t\t\t<div class=\"elementor-widget-container\">\n\t\t\t\t\t\t\t\t\t<p>Creating my own website was an opportunity to bring together my professional skills, creativity, and visual storytelling. As an illustrator and designer, it has always been important for me that my work not only appeals aesthetically to the audience, but also genuinely reflects my style and values.\n\nMy website is a central space where professional standards and personal creative vision come together.<\/p><p><blockquote class=\"wp-embedded-content\" data-secret=\"cRdjecHzFe\"><a href=\"https:\/\/nikidebreceni.hu\/en\/\">Homepage<\/a><\/blockquote><iframe class=\"wp-embedded-content\" sandbox=\"allow-scripts\" security=\"restricted\" style=\"position: absolute; visibility: hidden;\" title=\"Home \u2014 Niki_Debreceni\" src=\"https:\/\/nikidebreceni.hu\/embed\/#?secret=Y2loWGBEHQ#?secret=cRdjecHzFe\" data-secret=\"cRdjecHzFe\" width=\"600\" height=\"338\" frameborder=\"0\" marginwidth=\"0\" marginheight=\"0\" scrolling=\"no\"><\/iframe><\/p>\t\t\t\t\t\t\t\t<\/div>\n\t\t\t\t<\/div>\n\t\t\t\t<div class=\"elementor-element elementor-element-88c2f97 elementor-widget elementor-widget-gallery\" data-id=\"88c2f97\" data-element_type=\"widget\" data-e-type=\"widget\" data-settings=\"{&quot;columns&quot;:2,&quot;gap&quot;:{&quot;unit&quot;:&quot;px&quot;,&quot;size&quot;:24,&quot;sizes&quot;:[]},&quot;aspect_ratio&quot;:&quot;1:1&quot;,&quot;columns_tablet&quot;:3,&quot;columns_mobile&quot;:2,&quot;lazyload&quot;:&quot;yes&quot;,&quot;gallery_layout&quot;:&quot;grid&quot;,&quot;gap_laptop&quot;:{&quot;unit&quot;:&quot;px&quot;,&quot;size&quot;:10,&quot;sizes&quot;:[]},&quot;gap_tablet&quot;:{&quot;unit&quot;:&quot;px&quot;,&quot;size&quot;:10,&quot;sizes&quot;:[]},&quot;gap_mobile&quot;:{&quot;unit&quot;:&quot;px&quot;,&quot;size&quot;:10,&quot;sizes&quot;:[]},&quot;link_to&quot;:&quot;file&quot;,&quot;overlay_background&quot;:&quot;yes&quot;,&quot;content_hover_animation&quot;:&quot;fade-in&quot;}\" data-widget_type=\"gallery.default\">\n\t\t\t\t<div class=\"elementor-widget-container\">\n\t\t\t\t\t\t\t<div class=\"elementor-gallery__container\">\n\t\t\t\t\t\t\t<a class=\"e-gallery-item elementor-gallery-item elementor-animated-content\" href=\"https:\/\/nikidebreceni.hu\/wp-content\/uploads\/2025\/05\/sajatoldal.png\" data-elementor-open-lightbox=\"yes\" data-elementor-lightbox-slideshow=\"88c2f97\" data-e-action-hash=\"#elementor-action%3Aaction%3Dlightbox%26settings%3DeyJpZCI6MjI5MywidXJsIjoiaHR0cHM6XC9cL25pa2lkZWJyZWNlbmkuaHVcL3dwLWNvbnRlbnRcL3VwbG9hZHNcLzIwMjVcLzA1XC9zYWphdG9sZGFsLnBuZyIsInNsaWRlc2hvdyI6Ijg4YzJmOTcifQ%3D%3D\">\n\t\t\t\t\t<div class=\"e-gallery-image elementor-gallery-item__image\" data-thumbnail=\"https:\/\/nikidebreceni.hu\/wp-content\/uploads\/2025\/05\/sajatoldal.png\" data-width=\"1904\" data-height=\"806\" aria-label=\"\" role=\"img\" ><\/div>\n\t\t\t\t\t\t\t\t\t\t\t<div class=\"elementor-gallery-item__overlay\"><\/div>\n\t\t\t\t\t\t\t\t\t\t\t\t\t\t<\/a>\n\t\t\t\t\t\t\t<a class=\"e-gallery-item elementor-gallery-item elementor-animated-content\" href=\"https:\/\/nikidebreceni.hu\/wp-content\/uploads\/2025\/05\/sajat-scaled.png\" data-elementor-open-lightbox=\"yes\" data-elementor-lightbox-slideshow=\"88c2f97\" data-e-action-hash=\"#elementor-action%3Aaction%3Dlightbox%26settings%3DeyJpZCI6MjI5MiwidXJsIjoiaHR0cHM6XC9cL25pa2lkZWJyZWNlbmkuaHVcL3dwLWNvbnRlbnRcL3VwbG9hZHNcLzIwMjVcLzA1XC9zYWphdC1zY2FsZWQucG5nIiwic2xpZGVzaG93IjoiODhjMmY5NyJ9\">\n\t\t\t\t\t<div class=\"e-gallery-image elementor-gallery-item__image\" data-thumbnail=\"https:\/\/nikidebreceni.hu\/wp-content\/uploads\/2025\/05\/sajat-scaled.png\" data-width=\"847\" data-height=\"2560\" aria-label=\"\" role=\"img\" ><\/div>\n\t\t\t\t\t\t\t\t\t\t\t<div class=\"elementor-gallery-item__overlay\"><\/div>\n\t\t\t\t\t\t\t\t\t\t\t\t\t\t<\/a>\n\t\t\t\t\t<\/div>\n\t\t\t\t\t<\/div>\n\t\t\t\t<\/div>\n\t\t\t\t\t<\/div>\n\t\t\t\t<\/div>\n\t\t\t\t<\/div>","protected":false},"excerpt":{"rendered":"<p>Weboldal \u00c9p\u00edt\u00e9s Egy weboldal nem csup\u00e1n egy digit\u00e1lis portf\u00f3li\u00f3 \u2013 az online \u00fczleted alapja. Az \u00e1ltalam \u00e9p\u00edtett WordPress alap\u00fa weboldalak nemcsak eszt\u00e9tikusak, hanem k\u00f6nnyen kezelhet\u0151k \u00e9s testreszabhat\u00f3ak, \u00edgy minden v\u00e1llalkoz\u00e1s sz\u00e1m\u00e1ra ide\u00e1lis megold\u00e1st k\u00edn\u00e1lok. Debreceni Niki &#8211; Portf\u00f3li\u00f3 oldal A saj\u00e1t weboldal elk\u00e9sz\u00edt\u00e9se sz\u00e1momra egy olyan lehet\u0151s\u00e9g volt, hogy egyes\u00edtsem a szakmai tud\u00e1somat, a kreativit\u00e1somat [&hellip;]<\/p>\n","protected":false},"author":1,"featured_media":0,"parent":0,"menu_order":0,"comment_status":"closed","ping_status":"closed","template":"","meta":{"footnotes":""},"class_list":["post-888","page","type-page","status-publish","hentry"],"yoast_head":"<!-- This site is optimized with the Yoast SEO plugin v27.6 - https:\/\/yoast.com\/product\/yoast-seo-wordpress\/ -->\n<title>Weboldal \u00c9p\u00edt\u00e9s - Niki_Debreceni<\/title>\n<meta name=\"robots\" content=\"index, follow, max-snippet:-1, max-image-preview:large, max-video-preview:-1\" \/>\n<link rel=\"canonical\" href=\"https:\/\/nikidebreceni.hu\/en\/weboldal_epites\/\" \/>\n<meta property=\"og:locale\" content=\"en_US\" \/>\n<meta property=\"og:type\" content=\"article\" \/>\n<meta property=\"og:title\" content=\"Weboldal \u00c9p\u00edt\u00e9s - Niki_Debreceni\" \/>\n<meta property=\"og:description\" content=\"Weboldal \u00c9p\u00edt\u00e9s Egy weboldal nem csup\u00e1n egy digit\u00e1lis portf\u00f3li\u00f3 \u2013 az online \u00fczleted alapja. Az \u00e1ltalam \u00e9p\u00edtett WordPress alap\u00fa weboldalak nemcsak eszt\u00e9tikusak, hanem k\u00f6nnyen kezelhet\u0151k \u00e9s testreszabhat\u00f3ak, \u00edgy minden v\u00e1llalkoz\u00e1s sz\u00e1m\u00e1ra ide\u00e1lis megold\u00e1st k\u00edn\u00e1lok. Debreceni Niki &#8211; Portf\u00f3li\u00f3 oldal A saj\u00e1t weboldal elk\u00e9sz\u00edt\u00e9se sz\u00e1momra egy olyan lehet\u0151s\u00e9g volt, hogy egyes\u00edtsem a szakmai tud\u00e1somat, a kreativit\u00e1somat [&hellip;]\" \/>\n<meta property=\"og:url\" content=\"https:\/\/nikidebreceni.hu\/en\/weboldal_epites\/\" \/>\n<meta property=\"og:site_name\" content=\"Niki_Debreceni\" \/>\n<meta property=\"article:modified_time\" content=\"2025-05-12T15:08:20+00:00\" \/>\n<meta name=\"twitter:card\" content=\"summary_large_image\" \/>\n<meta name=\"twitter:label1\" content=\"Est. reading time\" \/>\n\t<meta name=\"twitter:data1\" content=\"1 minute\" \/>\n<script type=\"application\/ld+json\" class=\"yoast-schema-graph\">{\"@context\":\"https:\\\/\\\/schema.org\",\"@graph\":[{\"@type\":\"WebPage\",\"@id\":\"https:\\\/\\\/nikidebreceni.hu\\\/weboldal_epites\\\/\",\"url\":\"https:\\\/\\\/nikidebreceni.hu\\\/weboldal_epites\\\/\",\"name\":\"Weboldal \u00c9p\u00edt\u00e9s - Niki_Debreceni\",\"isPartOf\":{\"@id\":\"https:\\\/\\\/nikidebreceni.hu\\\/#website\"},\"datePublished\":\"2025-04-10T17:58:54+00:00\",\"dateModified\":\"2025-05-12T15:08:20+00:00\",\"breadcrumb\":{\"@id\":\"https:\\\/\\\/nikidebreceni.hu\\\/weboldal_epites\\\/#breadcrumb\"},\"inLanguage\":\"en-US\",\"potentialAction\":[{\"@type\":\"ReadAction\",\"target\":[\"https:\\\/\\\/nikidebreceni.hu\\\/weboldal_epites\\\/\"]}]},{\"@type\":\"BreadcrumbList\",\"@id\":\"https:\\\/\\\/nikidebreceni.hu\\\/weboldal_epites\\\/#breadcrumb\",\"itemListElement\":[{\"@type\":\"ListItem\",\"position\":1,\"name\":\"Kezd\u0151lap\",\"item\":\"https:\\\/\\\/nikidebreceni.hu\\\/\"},{\"@type\":\"ListItem\",\"position\":2,\"name\":\"Weboldal \u00c9p\u00edt\u00e9s\"}]},{\"@type\":\"WebSite\",\"@id\":\"https:\\\/\\\/nikidebreceni.hu\\\/#website\",\"url\":\"https:\\\/\\\/nikidebreceni.hu\\\/\",\"name\":\"Niki_Debreceni\",\"description\":\"K\u00e9zzel rajzolt \u00f6tletek \u00e9s digit\u00e1lis \u00e9lm\u00e9nyek\",\"publisher\":{\"@id\":\"https:\\\/\\\/nikidebreceni.hu\\\/#organization\"},\"potentialAction\":[{\"@type\":\"SearchAction\",\"target\":{\"@type\":\"EntryPoint\",\"urlTemplate\":\"https:\\\/\\\/nikidebreceni.hu\\\/?s={search_term_string}\"},\"query-input\":{\"@type\":\"PropertyValueSpecification\",\"valueRequired\":true,\"valueName\":\"search_term_string\"}}],\"inLanguage\":\"en-US\"},{\"@type\":\"Organization\",\"@id\":\"https:\\\/\\\/nikidebreceni.hu\\\/#organization\",\"name\":\"Niki_Debreceni\",\"url\":\"https:\\\/\\\/nikidebreceni.hu\\\/\",\"logo\":{\"@type\":\"ImageObject\",\"inLanguage\":\"en-US\",\"@id\":\"https:\\\/\\\/nikidebreceni.hu\\\/#\\\/schema\\\/logo\\\/image\\\/\",\"url\":\"https:\\\/\\\/nikidebreceni.hu\\\/wp-content\\\/uploads\\\/2025\\\/04\\\/logo-2.png\",\"contentUrl\":\"https:\\\/\\\/nikidebreceni.hu\\\/wp-content\\\/uploads\\\/2025\\\/04\\\/logo-2.png\",\"width\":800,\"height\":348,\"caption\":\"Niki_Debreceni\"},\"image\":{\"@id\":\"https:\\\/\\\/nikidebreceni.hu\\\/#\\\/schema\\\/logo\\\/image\\\/\"}}]}<\/script>\n<!-- \/ Yoast SEO plugin. -->","yoast_head_json":{"title":"Weboldal \u00c9p\u00edt\u00e9s - Niki_Debreceni","robots":{"index":"index","follow":"follow","max-snippet":"max-snippet:-1","max-image-preview":"max-image-preview:large","max-video-preview":"max-video-preview:-1"},"canonical":"https:\/\/nikidebreceni.hu\/en\/weboldal_epites\/","og_locale":"en_US","og_type":"article","og_title":"Weboldal \u00c9p\u00edt\u00e9s - Niki_Debreceni","og_description":"Weboldal \u00c9p\u00edt\u00e9s Egy weboldal nem csup\u00e1n egy digit\u00e1lis portf\u00f3li\u00f3 \u2013 az online \u00fczleted alapja. Az \u00e1ltalam \u00e9p\u00edtett WordPress alap\u00fa weboldalak nemcsak eszt\u00e9tikusak, hanem k\u00f6nnyen kezelhet\u0151k \u00e9s testreszabhat\u00f3ak, \u00edgy minden v\u00e1llalkoz\u00e1s sz\u00e1m\u00e1ra ide\u00e1lis megold\u00e1st k\u00edn\u00e1lok. Debreceni Niki &#8211; Portf\u00f3li\u00f3 oldal A saj\u00e1t weboldal elk\u00e9sz\u00edt\u00e9se sz\u00e1momra egy olyan lehet\u0151s\u00e9g volt, hogy egyes\u00edtsem a szakmai tud\u00e1somat, a kreativit\u00e1somat [&hellip;]","og_url":"https:\/\/nikidebreceni.hu\/en\/weboldal_epites\/","og_site_name":"Niki_Debreceni","article_modified_time":"2025-05-12T15:08:20+00:00","twitter_card":"summary_large_image","twitter_misc":{"Est. reading time":"1 minute"},"schema":{"@context":"https:\/\/schema.org","@graph":[{"@type":"WebPage","@id":"https:\/\/nikidebreceni.hu\/weboldal_epites\/","url":"https:\/\/nikidebreceni.hu\/weboldal_epites\/","name":"Weboldal \u00c9p\u00edt\u00e9s - Niki_Debreceni","isPartOf":{"@id":"https:\/\/nikidebreceni.hu\/#website"},"datePublished":"2025-04-10T17:58:54+00:00","dateModified":"2025-05-12T15:08:20+00:00","breadcrumb":{"@id":"https:\/\/nikidebreceni.hu\/weboldal_epites\/#breadcrumb"},"inLanguage":"en-US","potentialAction":[{"@type":"ReadAction","target":["https:\/\/nikidebreceni.hu\/weboldal_epites\/"]}]},{"@type":"BreadcrumbList","@id":"https:\/\/nikidebreceni.hu\/weboldal_epites\/#breadcrumb","itemListElement":[{"@type":"ListItem","position":1,"name":"Kezd\u0151lap","item":"https:\/\/nikidebreceni.hu\/"},{"@type":"ListItem","position":2,"name":"Weboldal \u00c9p\u00edt\u00e9s"}]},{"@type":"WebSite","@id":"https:\/\/nikidebreceni.hu\/#website","url":"https:\/\/nikidebreceni.hu\/","name":"Niki_Debreceni","description":"K\u00e9zzel rajzolt \u00f6tletek \u00e9s digit\u00e1lis \u00e9lm\u00e9nyek","publisher":{"@id":"https:\/\/nikidebreceni.hu\/#organization"},"potentialAction":[{"@type":"SearchAction","target":{"@type":"EntryPoint","urlTemplate":"https:\/\/nikidebreceni.hu\/?s={search_term_string}"},"query-input":{"@type":"PropertyValueSpecification","valueRequired":true,"valueName":"search_term_string"}}],"inLanguage":"en-US"},{"@type":"Organization","@id":"https:\/\/nikidebreceni.hu\/#organization","name":"Niki_Debreceni","url":"https:\/\/nikidebreceni.hu\/","logo":{"@type":"ImageObject","inLanguage":"en-US","@id":"https:\/\/nikidebreceni.hu\/#\/schema\/logo\/image\/","url":"https:\/\/nikidebreceni.hu\/wp-content\/uploads\/2025\/04\/logo-2.png","contentUrl":"https:\/\/nikidebreceni.hu\/wp-content\/uploads\/2025\/04\/logo-2.png","width":800,"height":348,"caption":"Niki_Debreceni"},"image":{"@id":"https:\/\/nikidebreceni.hu\/#\/schema\/logo\/image\/"}}]}},"_links":{"self":[{"href":"https:\/\/nikidebreceni.hu\/en\/wp-json\/wp\/v2\/pages\/888","targetHints":{"allow":["GET"]}}],"collection":[{"href":"https:\/\/nikidebreceni.hu\/en\/wp-json\/wp\/v2\/pages"}],"about":[{"href":"https:\/\/nikidebreceni.hu\/en\/wp-json\/wp\/v2\/types\/page"}],"author":[{"embeddable":true,"href":"https:\/\/nikidebreceni.hu\/en\/wp-json\/wp\/v2\/users\/1"}],"replies":[{"embeddable":true,"href":"https:\/\/nikidebreceni.hu\/en\/wp-json\/wp\/v2\/comments?post=888"}],"version-history":[{"count":21,"href":"https:\/\/nikidebreceni.hu\/en\/wp-json\/wp\/v2\/pages\/888\/revisions"}],"predecessor-version":[{"id":2796,"href":"https:\/\/nikidebreceni.hu\/en\/wp-json\/wp\/v2\/pages\/888\/revisions\/2796"}],"wp:attachment":[{"href":"https:\/\/nikidebreceni.hu\/en\/wp-json\/wp\/v2\/media?parent=888"}],"curies":[{"name":"wp","href":"https:\/\/api.w.org\/{rel}","templated":true}]}}