{"id":410,"date":"2025-04-01T14:20:00","date_gmt":"2025-04-01T12:20:00","guid":{"rendered":"https:\/\/nikidebreceni.hu\/blog-2\/"},"modified":"2025-05-07T19:55:01","modified_gmt":"2025-05-07T17:55:01","slug":"blog","status":"publish","type":"page","link":"https:\/\/nikidebreceni.hu\/en\/blog\/","title":{"rendered":"Blog"},"content":{"rendered":"<div data-elementor-type=\"wp-page\" data-elementor-id=\"410\" class=\"elementor elementor-410\" data-elementor-post-type=\"page\">\n\t\t\t\t<div class=\"elementor-element elementor-element-3a45ed69 e-flex e-con-boxed e-con e-parent\" data-id=\"3a45ed69\" data-element_type=\"container\" data-e-type=\"container\" data-settings=\"{&quot;background_background&quot;:&quot;gradient&quot;}\">\n\t\t\t\t\t<div class=\"e-con-inner\">\n\t\t\t\t<div class=\"elementor-element elementor-element-3e9b3308 elementor-widget__width-initial elementor-widget elementor-widget-heading\" data-id=\"3e9b3308\" data-element_type=\"widget\" data-e-type=\"widget\" data-widget_type=\"heading.default\">\n\t\t\t\t<div class=\"elementor-widget-container\">\n\t\t\t\t\t<h2 class=\"elementor-heading-title elementor-size-default\">Thoughts Behind the Visuals<\/h2>\t\t\t\t<\/div>\n\t\t\t\t<\/div>\n\t\t\t\t<div class=\"elementor-element elementor-element-3600467 elementor-widget__width-initial elementor-widget elementor-widget-text-editor\" data-id=\"3600467\" data-element_type=\"widget\" data-e-type=\"widget\" data-widget_type=\"text-editor.default\">\n\t\t\t\t<div class=\"elementor-widget-container\">\n\t\t\t\t\t\t\t\t\t<p class=\"\" data-start=\"154\" data-end=\"426\">In this blog, I write about illustration, design, and freelancing \u2014 about how a character, a visual identity, or a functional interface comes to life. You\u2019ll also find more personal thoughts, visual experiments, creative tips, and all kinds of inspirations and ideas that move, inspire, or challenge me in everyday life.<\/p><p>If you're curious about how an idea becomes a functioning visual system, or how beauty and usability meet in the digital space, then you\u2019re in the right place.<\/p>\t\t\t\t\t\t\t\t<\/div>\n\t\t\t\t<\/div>\n\t\t\t\t\t<\/div>\n\t\t\t\t<\/div>\n\t\t<div class=\"elementor-element elementor-element-63d7fa4e e-flex e-con-boxed e-con e-parent\" data-id=\"63d7fa4e\" data-element_type=\"container\" data-e-type=\"container\" data-settings=\"{&quot;background_background&quot;:&quot;classic&quot;}\">\n\t\t\t\t\t<div class=\"e-con-inner\">\n\t\t\t\t<div class=\"elementor-element elementor-element-74c173e6 elementor-grid-3 elementor-grid-tablet-2 elementor-grid-mobile-1 elementor-posts--thumbnail-top elementor-widget elementor-widget-posts\" data-id=\"74c173e6\" data-element_type=\"widget\" data-e-type=\"widget\" data-settings=\"{&quot;classic_row_gap&quot;:{&quot;unit&quot;:&quot;px&quot;,&quot;size&quot;:24,&quot;sizes&quot;:[]},&quot;pagination_type&quot;:&quot;numbers&quot;,&quot;classic_columns&quot;:&quot;3&quot;,&quot;classic_columns_tablet&quot;:&quot;2&quot;,&quot;classic_columns_mobile&quot;:&quot;1&quot;,&quot;classic_row_gap_laptop&quot;:{&quot;unit&quot;:&quot;px&quot;,&quot;size&quot;:&quot;&quot;,&quot;sizes&quot;:[]},&quot;classic_row_gap_tablet&quot;:{&quot;unit&quot;:&quot;px&quot;,&quot;size&quot;:&quot;&quot;,&quot;sizes&quot;:[]},&quot;classic_row_gap_mobile&quot;:{&quot;unit&quot;:&quot;px&quot;,&quot;size&quot;:&quot;&quot;,&quot;sizes&quot;:[]}}\" data-widget_type=\"posts.classic\">\n\t\t\t\t<div class=\"elementor-widget-container\">\n\t\t\t\t\t\t\t<div class=\"elementor-posts-container elementor-posts elementor-posts--skin-classic elementor-grid\" role=\"list\">\n\t\t\t\t<article class=\"elementor-post elementor-grid-item post-2830 post type-post status-publish format-standard has-post-thumbnail hentry category-muhelynaplo category-webdesign tag-inspiracio tag-kreativ-folyamat tag-muveszet tag-webdesign\" role=\"listitem\">\n\t\t\t\t<a class=\"elementor-post__thumbnail__link\" href=\"https:\/\/nikidebreceni.hu\/en\/a-szakma-amit-nem-kerestem-de-ram-talalt\/\" tabindex=\"-1\" >\n\t\t\t<div class=\"elementor-post__thumbnail\"><img fetchpriority=\"high\" decoding=\"async\" width=\"1024\" height=\"388\" src=\"https:\/\/nikidebreceni.hu\/wp-content\/uploads\/2025\/06\/blog7.jpg\" class=\"attachment-full size-full wp-image-2831\" alt=\"\" srcset=\"https:\/\/nikidebreceni.hu\/wp-content\/uploads\/2025\/06\/blog7.jpg 1024w, https:\/\/nikidebreceni.hu\/wp-content\/uploads\/2025\/06\/blog7-700x265.jpg 700w, https:\/\/nikidebreceni.hu\/wp-content\/uploads\/2025\/06\/blog7-768x291.jpg 768w\" sizes=\"(max-width: 1024px) 100vw, 1024px\" \/><\/div>\n\t\t<\/a>\n\t\t\t\t<div class=\"elementor-post__text\">\n\t\t\t\t<h3 class=\"elementor-post__title\">\n\t\t\t<a href=\"https:\/\/nikidebreceni.hu\/en\/a-szakma-amit-nem-kerestem-de-ram-talalt\/\" >\n\t\t\t\tThe profession I didn\u2019t look for \u2014 but found me\t\t\t<\/a>\n\t\t<\/h3>\n\t\t\t\t<div class=\"elementor-post__excerpt\">\n\t\t\t<p>In recent years \u2014 whether intentionally or not \u2014 I\u2019ve already had some involvement in digital branding. I\u2019ve created social media graphics, and at times, even some web visuals\u2026<\/p>\n\t\t<\/div>\n\t\t\t\t\t<div class=\"elementor-post__read-more-wrapper\">\n\t\t\n\t\t<a class=\"elementor-post__read-more\" href=\"https:\/\/nikidebreceni.hu\/en\/a-szakma-amit-nem-kerestem-de-ram-talalt\/\" aria-label=\"Read more about A szakma, amit nem kerestem, de r\u00e1m tal\u00e1lt\" tabindex=\"-1\" >\n\t\t\tTov\u00e1bb olvasom \u2192\t\t<\/a>\n\n\t\t\t\t\t<\/div>\n\t\t\t\t<\/div>\n\t\t\t\t<\/article>\n\t\t\t\t<article class=\"elementor-post elementor-grid-item post-2824 post type-post status-publish format-standard has-post-thumbnail hentry category-egyeb\" role=\"listitem\">\n\t\t\t\t<a class=\"elementor-post__thumbnail__link\" href=\"https:\/\/nikidebreceni.hu\/en\/digitalis-vs-szabadkezes-rajzolas\/\" tabindex=\"-1\" >\n\t\t\t<div class=\"elementor-post__thumbnail\"><img decoding=\"async\" width=\"1024\" height=\"388\" src=\"https:\/\/nikidebreceni.hu\/wp-content\/uploads\/2025\/05\/blog6.jpg\" class=\"attachment-full size-full wp-image-2814\" alt=\"\" srcset=\"https:\/\/nikidebreceni.hu\/wp-content\/uploads\/2025\/05\/blog6.jpg 1024w, https:\/\/nikidebreceni.hu\/wp-content\/uploads\/2025\/05\/blog6-700x265.jpg 700w, https:\/\/nikidebreceni.hu\/wp-content\/uploads\/2025\/05\/blog6-768x291.jpg 768w\" sizes=\"(max-width: 1024px) 100vw, 1024px\" \/><\/div>\n\t\t<\/a>\n\t\t\t\t<div class=\"elementor-post__text\">\n\t\t\t\t<h3 class=\"elementor-post__title\">\n\t\t\t<a href=\"https:\/\/nikidebreceni.hu\/en\/digitalis-vs-szabadkezes-rajzolas\/\" >\n\t\t\t\tDigital Art vs Traditional Hand-Drawn Art\t\t\t<\/a>\n\t\t<\/h3>\n\t\t\t\t<div class=\"elementor-post__excerpt\">\n\t\t\t<p>The world of art has been fundamentally transformed by the rise of digital technology. Today, we\u2019re no longer limited to pencils, paint, or<\/p>\n\t\t<\/div>\n\t\t\t\t\t<div class=\"elementor-post__read-more-wrapper\">\n\t\t\n\t\t<a class=\"elementor-post__read-more\" href=\"https:\/\/nikidebreceni.hu\/en\/digitalis-vs-szabadkezes-rajzolas\/\" aria-label=\"Read more about Digit\u00e1lis m\u0171v\u00e9szet vs Szabadkezes rajzol\u00e1s\" tabindex=\"-1\" >\n\t\t\tTov\u00e1bb olvasom \u2192\t\t<\/a>\n\n\t\t\t\t\t<\/div>\n\t\t\t\t<\/div>\n\t\t\t\t<\/article>\n\t\t\t\t<article class=\"elementor-post elementor-grid-item post-2461 post type-post status-publish format-standard has-post-thumbnail hentry category-muhelynaplo tag-illusztracio tag-inspiracio tag-kreativ-folyamat tag-muveszet\" role=\"listitem\">\n\t\t\t\t<a class=\"elementor-post__thumbnail__link\" href=\"https:\/\/nikidebreceni.hu\/en\/muveszeti-inspiraciok-a-polcrol\/\" tabindex=\"-1\" >\n\t\t\t<div class=\"elementor-post__thumbnail\"><img decoding=\"async\" width=\"1024\" height=\"388\" src=\"https:\/\/nikidebreceni.hu\/wp-content\/uploads\/2025\/05\/blog1-1.jpg\" class=\"attachment-full size-full wp-image-2809\" alt=\"\" srcset=\"https:\/\/nikidebreceni.hu\/wp-content\/uploads\/2025\/05\/blog1-1.jpg 1024w, https:\/\/nikidebreceni.hu\/wp-content\/uploads\/2025\/05\/blog1-1-700x265.jpg 700w, https:\/\/nikidebreceni.hu\/wp-content\/uploads\/2025\/05\/blog1-1-768x291.jpg 768w\" sizes=\"(max-width: 1024px) 100vw, 1024px\" \/><\/div>\n\t\t<\/a>\n\t\t\t\t<div class=\"elementor-post__text\">\n\t\t\t\t<h3 class=\"elementor-post__title\">\n\t\t\t<a href=\"https:\/\/nikidebreceni.hu\/en\/muveszeti-inspiraciok-a-polcrol\/\" >\n\t\t\t\tArt Inspirations from the Shelf\t\t\t<\/a>\n\t\t<\/h3>\n\t\t\t\t<div class=\"elementor-post__excerpt\">\n\t\t\t<p>Art books don\u2019t just provide technical knowledge \u2014 they offer artistic inspiration that you won\u2019t always find in everyday life. Sometimes a single page,<\/p>\n\t\t<\/div>\n\t\t\t\t\t<div class=\"elementor-post__read-more-wrapper\">\n\t\t\n\t\t<a class=\"elementor-post__read-more\" href=\"https:\/\/nikidebreceni.hu\/en\/muveszeti-inspiraciok-a-polcrol\/\" aria-label=\"Read more about M\u0171v\u00e9szeti inspir\u00e1ci\u00f3k a polcr\u00f3l\" tabindex=\"-1\" >\n\t\t\tTov\u00e1bb olvasom \u2192\t\t<\/a>\n\n\t\t\t\t\t<\/div>\n\t\t\t\t<\/div>\n\t\t\t\t<\/article>\n\t\t\t\t<article class=\"elementor-post elementor-grid-item post-2409 post type-post status-publish format-standard has-post-thumbnail hentry category-muhelynaplo tag-illusztracio tag-inspiracio tag-kreativ-folyamat tag-muveszet\" role=\"listitem\">\n\t\t\t\t<a class=\"elementor-post__thumbnail__link\" href=\"https:\/\/nikidebreceni.hu\/en\/hol-szuletnek-az-otleteim\/\" tabindex=\"-1\" >\n\t\t\t<div class=\"elementor-post__thumbnail\"><img loading=\"lazy\" decoding=\"async\" width=\"1024\" height=\"388\" src=\"https:\/\/nikidebreceni.hu\/wp-content\/uploads\/2025\/05\/blog5.jpg\" class=\"attachment-full size-full wp-image-2813\" alt=\"\" srcset=\"https:\/\/nikidebreceni.hu\/wp-content\/uploads\/2025\/05\/blog5.jpg 1024w, https:\/\/nikidebreceni.hu\/wp-content\/uploads\/2025\/05\/blog5-700x265.jpg 700w, https:\/\/nikidebreceni.hu\/wp-content\/uploads\/2025\/05\/blog5-768x291.jpg 768w\" sizes=\"(max-width: 1024px) 100vw, 1024px\" \/><\/div>\n\t\t<\/a>\n\t\t\t\t<div class=\"elementor-post__text\">\n\t\t\t\t<h3 class=\"elementor-post__title\">\n\t\t\t<a href=\"https:\/\/nikidebreceni.hu\/en\/hol-szuletnek-az-otleteim\/\" >\n\t\t\t\tWhere Do My Ideas Come From?\t\t\t<\/a>\n\t\t<\/h3>\n\t\t\t\t<div class=\"elementor-post__excerpt\">\n\t\t\t<p>Many people ask me: where do ideas come from? As if there were some secret source we can only tap into from time to time. But the truth is<\/p>\n\t\t<\/div>\n\t\t\t\t\t<div class=\"elementor-post__read-more-wrapper\">\n\t\t\n\t\t<a class=\"elementor-post__read-more\" href=\"https:\/\/nikidebreceni.hu\/en\/hol-szuletnek-az-otleteim\/\" aria-label=\"Read more about Hol sz\u00fcletnek az \u00f6tleteim?\" tabindex=\"-1\" >\n\t\t\tTov\u00e1bb olvasom \u2192\t\t<\/a>\n\n\t\t\t\t\t<\/div>\n\t\t\t\t<\/div>\n\t\t\t\t<\/article>\n\t\t\t\t<\/div>\n\t\t\n\t\t\t\t\t\t<\/div>\n\t\t\t\t<\/div>\n\t\t\t\t\t<\/div>\n\t\t\t\t<\/div>\n\t\t\t\t<\/div>","protected":false},"excerpt":{"rendered":"<p>Gondolatok a vizualit\u00e1s m\u00f6g\u00f6tt Ebben a blogban illusztr\u00e1ci\u00f3r\u00f3l, designr\u00f3l \u00e9s szabad\u00fasz\u00e1sr\u00f3l \u00edrok \u2013 arr\u00f3l, hogyan sz\u00fcletik meg egy karakter, egy arculat vagy egy j\u00f3l m\u0171k\u00f6d\u0151 fel\u00fclet.\u00a0 Helyet kapnak majd szem\u00e9lyesebb gondolatok, vizu\u00e1lis k\u00eds\u00e9rletek, kreat\u00edv tippek, \u00e9s sok m\u00e1s \u00e9rdekess\u00e9g, ami megmozgat, megihlet vagy elgondolkodtat a mindennapokban. Ha \u00e9rdekel, hogyan v\u00e1lik egy \u00f6tlet m\u0171k\u00f6d\u0151 vizu\u00e1lis rendszerr\u00e9, [&hellip;]<\/p>\n","protected":false},"author":1,"featured_media":0,"parent":0,"menu_order":0,"comment_status":"closed","ping_status":"closed","template":"","meta":{"footnotes":""},"class_list":["post-410","page","type-page","status-publish","hentry"],"yoast_head":"<!-- This site is optimized with the Yoast SEO plugin v27.6 - https:\/\/yoast.com\/product\/yoast-seo-wordpress\/ -->\n<title>Blog - Niki_Debreceni<\/title>\n<meta name=\"robots\" content=\"index, follow, max-snippet:-1, max-image-preview:large, max-video-preview:-1\" \/>\n<link rel=\"canonical\" href=\"https:\/\/nikidebreceni.hu\/en\/blog\/\" \/>\n<meta property=\"og:locale\" content=\"en_US\" \/>\n<meta property=\"og:type\" content=\"article\" \/>\n<meta property=\"og:title\" content=\"Blog - Niki_Debreceni\" \/>\n<meta property=\"og:description\" content=\"Gondolatok a vizualit\u00e1s m\u00f6g\u00f6tt Ebben a blogban illusztr\u00e1ci\u00f3r\u00f3l, designr\u00f3l \u00e9s szabad\u00fasz\u00e1sr\u00f3l \u00edrok \u2013 arr\u00f3l, hogyan sz\u00fcletik meg egy karakter, egy arculat vagy egy j\u00f3l m\u0171k\u00f6d\u0151 fel\u00fclet.\u00a0 Helyet kapnak majd szem\u00e9lyesebb gondolatok, vizu\u00e1lis k\u00eds\u00e9rletek, kreat\u00edv tippek, \u00e9s sok m\u00e1s \u00e9rdekess\u00e9g, ami megmozgat, megihlet vagy elgondolkodtat a mindennapokban. Ha \u00e9rdekel, hogyan v\u00e1lik egy \u00f6tlet m\u0171k\u00f6d\u0151 vizu\u00e1lis rendszerr\u00e9, [&hellip;]\" \/>\n<meta property=\"og:url\" content=\"https:\/\/nikidebreceni.hu\/en\/blog\/\" \/>\n<meta property=\"og:site_name\" content=\"Niki_Debreceni\" \/>\n<meta property=\"article:modified_time\" content=\"2025-05-07T17:55:01+00:00\" \/>\n<meta name=\"twitter:card\" content=\"summary_large_image\" \/>\n<meta name=\"twitter:label1\" content=\"Est. reading time\" \/>\n\t<meta name=\"twitter:data1\" content=\"3 minutes\" \/>\n<script type=\"application\/ld+json\" class=\"yoast-schema-graph\">{\"@context\":\"https:\\\/\\\/schema.org\",\"@graph\":[{\"@type\":\"WebPage\",\"@id\":\"https:\\\/\\\/nikidebreceni.hu\\\/blog\\\/\",\"url\":\"https:\\\/\\\/nikidebreceni.hu\\\/blog\\\/\",\"name\":\"Blog - Niki_Debreceni\",\"isPartOf\":{\"@id\":\"https:\\\/\\\/nikidebreceni.hu\\\/#website\"},\"datePublished\":\"2025-04-01T12:20:00+00:00\",\"dateModified\":\"2025-05-07T17:55:01+00:00\",\"breadcrumb\":{\"@id\":\"https:\\\/\\\/nikidebreceni.hu\\\/blog\\\/#breadcrumb\"},\"inLanguage\":\"en-US\",\"potentialAction\":[{\"@type\":\"ReadAction\",\"target\":[\"https:\\\/\\\/nikidebreceni.hu\\\/blog\\\/\"]}]},{\"@type\":\"BreadcrumbList\",\"@id\":\"https:\\\/\\\/nikidebreceni.hu\\\/blog\\\/#breadcrumb\",\"itemListElement\":[{\"@type\":\"ListItem\",\"position\":1,\"name\":\"Kezd\u0151lap\",\"item\":\"https:\\\/\\\/nikidebreceni.hu\\\/\"},{\"@type\":\"ListItem\",\"position\":2,\"name\":\"Blog\"}]},{\"@type\":\"WebSite\",\"@id\":\"https:\\\/\\\/nikidebreceni.hu\\\/#website\",\"url\":\"https:\\\/\\\/nikidebreceni.hu\\\/\",\"name\":\"Niki_Debreceni\",\"description\":\"K\u00e9zzel rajzolt \u00f6tletek \u00e9s digit\u00e1lis \u00e9lm\u00e9nyek\",\"publisher\":{\"@id\":\"https:\\\/\\\/nikidebreceni.hu\\\/#organization\"},\"potentialAction\":[{\"@type\":\"SearchAction\",\"target\":{\"@type\":\"EntryPoint\",\"urlTemplate\":\"https:\\\/\\\/nikidebreceni.hu\\\/?s={search_term_string}\"},\"query-input\":{\"@type\":\"PropertyValueSpecification\",\"valueRequired\":true,\"valueName\":\"search_term_string\"}}],\"inLanguage\":\"en-US\"},{\"@type\":\"Organization\",\"@id\":\"https:\\\/\\\/nikidebreceni.hu\\\/#organization\",\"name\":\"Niki_Debreceni\",\"url\":\"https:\\\/\\\/nikidebreceni.hu\\\/\",\"logo\":{\"@type\":\"ImageObject\",\"inLanguage\":\"en-US\",\"@id\":\"https:\\\/\\\/nikidebreceni.hu\\\/#\\\/schema\\\/logo\\\/image\\\/\",\"url\":\"https:\\\/\\\/nikidebreceni.hu\\\/wp-content\\\/uploads\\\/2025\\\/04\\\/logo-2.png\",\"contentUrl\":\"https:\\\/\\\/nikidebreceni.hu\\\/wp-content\\\/uploads\\\/2025\\\/04\\\/logo-2.png\",\"width\":800,\"height\":348,\"caption\":\"Niki_Debreceni\"},\"image\":{\"@id\":\"https:\\\/\\\/nikidebreceni.hu\\\/#\\\/schema\\\/logo\\\/image\\\/\"}}]}<\/script>\n<!-- \/ Yoast SEO plugin. -->","yoast_head_json":{"title":"Blog - Niki_Debreceni","robots":{"index":"index","follow":"follow","max-snippet":"max-snippet:-1","max-image-preview":"max-image-preview:large","max-video-preview":"max-video-preview:-1"},"canonical":"https:\/\/nikidebreceni.hu\/en\/blog\/","og_locale":"en_US","og_type":"article","og_title":"Blog - Niki_Debreceni","og_description":"Gondolatok a vizualit\u00e1s m\u00f6g\u00f6tt Ebben a blogban illusztr\u00e1ci\u00f3r\u00f3l, designr\u00f3l \u00e9s szabad\u00fasz\u00e1sr\u00f3l \u00edrok \u2013 arr\u00f3l, hogyan sz\u00fcletik meg egy karakter, egy arculat vagy egy j\u00f3l m\u0171k\u00f6d\u0151 fel\u00fclet.\u00a0 Helyet kapnak majd szem\u00e9lyesebb gondolatok, vizu\u00e1lis k\u00eds\u00e9rletek, kreat\u00edv tippek, \u00e9s sok m\u00e1s \u00e9rdekess\u00e9g, ami megmozgat, megihlet vagy elgondolkodtat a mindennapokban. Ha \u00e9rdekel, hogyan v\u00e1lik egy \u00f6tlet m\u0171k\u00f6d\u0151 vizu\u00e1lis rendszerr\u00e9, [&hellip;]","og_url":"https:\/\/nikidebreceni.hu\/en\/blog\/","og_site_name":"Niki_Debreceni","article_modified_time":"2025-05-07T17:55:01+00:00","twitter_card":"summary_large_image","twitter_misc":{"Est. reading time":"3 minutes"},"schema":{"@context":"https:\/\/schema.org","@graph":[{"@type":"WebPage","@id":"https:\/\/nikidebreceni.hu\/blog\/","url":"https:\/\/nikidebreceni.hu\/blog\/","name":"Blog - Niki_Debreceni","isPartOf":{"@id":"https:\/\/nikidebreceni.hu\/#website"},"datePublished":"2025-04-01T12:20:00+00:00","dateModified":"2025-05-07T17:55:01+00:00","breadcrumb":{"@id":"https:\/\/nikidebreceni.hu\/blog\/#breadcrumb"},"inLanguage":"en-US","potentialAction":[{"@type":"ReadAction","target":["https:\/\/nikidebreceni.hu\/blog\/"]}]},{"@type":"BreadcrumbList","@id":"https:\/\/nikidebreceni.hu\/blog\/#breadcrumb","itemListElement":[{"@type":"ListItem","position":1,"name":"Kezd\u0151lap","item":"https:\/\/nikidebreceni.hu\/"},{"@type":"ListItem","position":2,"name":"Blog"}]},{"@type":"WebSite","@id":"https:\/\/nikidebreceni.hu\/#website","url":"https:\/\/nikidebreceni.hu\/","name":"Niki_Debreceni","description":"K\u00e9zzel rajzolt \u00f6tletek \u00e9s digit\u00e1lis \u00e9lm\u00e9nyek","publisher":{"@id":"https:\/\/nikidebreceni.hu\/#organization"},"potentialAction":[{"@type":"SearchAction","target":{"@type":"EntryPoint","urlTemplate":"https:\/\/nikidebreceni.hu\/?s={search_term_string}"},"query-input":{"@type":"PropertyValueSpecification","valueRequired":true,"valueName":"search_term_string"}}],"inLanguage":"en-US"},{"@type":"Organization","@id":"https:\/\/nikidebreceni.hu\/#organization","name":"Niki_Debreceni","url":"https:\/\/nikidebreceni.hu\/","logo":{"@type":"ImageObject","inLanguage":"en-US","@id":"https:\/\/nikidebreceni.hu\/#\/schema\/logo\/image\/","url":"https:\/\/nikidebreceni.hu\/wp-content\/uploads\/2025\/04\/logo-2.png","contentUrl":"https:\/\/nikidebreceni.hu\/wp-content\/uploads\/2025\/04\/logo-2.png","width":800,"height":348,"caption":"Niki_Debreceni"},"image":{"@id":"https:\/\/nikidebreceni.hu\/#\/schema\/logo\/image\/"}}]}},"_links":{"self":[{"href":"https:\/\/nikidebreceni.hu\/en\/wp-json\/wp\/v2\/pages\/410","targetHints":{"allow":["GET"]}}],"collection":[{"href":"https:\/\/nikidebreceni.hu\/en\/wp-json\/wp\/v2\/pages"}],"about":[{"href":"https:\/\/nikidebreceni.hu\/en\/wp-json\/wp\/v2\/types\/page"}],"author":[{"embeddable":true,"href":"https:\/\/nikidebreceni.hu\/en\/wp-json\/wp\/v2\/users\/1"}],"replies":[{"embeddable":true,"href":"https:\/\/nikidebreceni.hu\/en\/wp-json\/wp\/v2\/comments?post=410"}],"version-history":[{"count":35,"href":"https:\/\/nikidebreceni.hu\/en\/wp-json\/wp\/v2\/pages\/410\/revisions"}],"predecessor-version":[{"id":2606,"href":"https:\/\/nikidebreceni.hu\/en\/wp-json\/wp\/v2\/pages\/410\/revisions\/2606"}],"wp:attachment":[{"href":"https:\/\/nikidebreceni.hu\/en\/wp-json\/wp\/v2\/media?parent=410"}],"curies":[{"name":"wp","href":"https:\/\/api.w.org\/{rel}","templated":true}]}}