{"id":25,"date":"2025-03-30T12:47:04","date_gmt":"2025-03-30T10:47:04","guid":{"rendered":"http:\/\/nikidebreceni.hu\/?page_id=25"},"modified":"2025-05-10T20:02:47","modified_gmt":"2025-05-10T18:02:47","slug":"kapcsolat","status":"publish","type":"page","link":"https:\/\/nikidebreceni.hu\/en\/kapcsolat\/","title":{"rendered":"Contact"},"content":{"rendered":"\t\t<div data-elementor-type=\"wp-page\" data-elementor-id=\"25\" class=\"elementor elementor-25\" data-elementor-post-type=\"page\">\n\t\t\t\t<div class=\"elementor-element elementor-element-2576720 e-flex e-con-boxed e-con e-parent\" data-id=\"2576720\" data-element_type=\"container\" data-e-type=\"container\" data-settings=\"{&quot;background_background&quot;:&quot;gradient&quot;}\">\n\t\t\t\t\t<div class=\"e-con-inner\">\n\t\t<div class=\"elementor-element elementor-element-957b1a9 e-con-full e-flex e-con e-child\" data-id=\"957b1a9\" data-element_type=\"container\" data-e-type=\"container\">\n\t\t\t\t<div class=\"elementor-element elementor-element-83189f3 elementor-widget elementor-widget-text-editor\" data-id=\"83189f3\" data-element_type=\"widget\" data-e-type=\"widget\" data-widget_type=\"text-editor.default\">\n\t\t\t\t<div class=\"elementor-widget-container\">\n\t\t\t\t\t\t\t\t\t<p>\u00cdrj b\u00e1tran az \u0171rlapon kereszt\u00fcl, \u00e9s hamarosan v\u00e1laszolok!<strong><br \/><\/strong><br \/>Hogy g\u00f6rd\u00fcl\u00e9kenyen tudjunk egyeztetni, k\u00e9rlek, az al\u00e1bbi inform\u00e1ci\u00f3kat \u00edrd meg nekem:<\/p><ul><li>Milyen projektre szeretn\u00e9l aj\u00e1nlatot k\u00e9rni? (pl. k\u00f6nyvillusztr\u00e1ci\u00f3, karaktertervez\u00e9s, weboldalterv stb.)<\/li><li>Mi a projekt c\u00e9lja, t\u00e9m\u00e1ja, hangulata?<\/li><li>Milyen hat\u00e1rid\u0151re lenne sz\u00fcks\u00e9ged?<\/li><li>Van-e m\u00e1r elk\u00e9pzel\u00e9sed a st\u00edlusr\u00f3l, tartalomr\u00f3l vagy funkci\u00f3kr\u00f3l?<br \/><br \/><\/li><\/ul><p>Ha van r\u00e1 lehet\u0151s\u00e9ged, k\u00e9rlek <strong>Google Drive<\/strong>-linken kereszt\u00fcl oszd meg velem a k\u00e9peket, inspir\u00e1ci\u00f3kat vagy referenci\u00e1kat, amelyek seg\u00edtenek meg\u00e9rteni, mit szeretn\u00e9l. Ez lehet skicc, moodboard, megl\u00e9v\u0151 arculat vagy b\u00e1rmi m\u00e1s, ami k\u00f6zelebb visz az elk\u00e9pzel\u00e9sedhez.<\/p><p>El\u0151re is k\u00f6sz\u00f6n\u00f6m, hogy megosztod velem az elk\u00e9pzel\u00e9seidet \u2013 <strong>izgatottan v\u00e1rom, hogy egy\u00fctt dolgozhassunk!<\/strong><\/p>\t\t\t\t\t\t\t\t<\/div>\n\t\t\t\t<\/div>\n\t\t<div class=\"elementor-element elementor-element-8963133 e-flex e-con-boxed e-con e-child\" data-id=\"8963133\" data-element_type=\"container\" data-e-type=\"container\">\n\t\t\t\t\t<div class=\"e-con-inner\">\n\t\t\t\t<div class=\"elementor-element elementor-element-fb2c55e elementor-icon-list--layout-traditional elementor-list-item-link-full_width elementor-widget elementor-widget-icon-list\" data-id=\"fb2c55e\" data-element_type=\"widget\" data-e-type=\"widget\" data-widget_type=\"icon-list.default\">\n\t\t\t\t<div class=\"elementor-widget-container\">\n\t\t\t\t\t\t\t<ul class=\"elementor-icon-list-items\">\n\t\t\t\t\t\t\t<li class=\"elementor-icon-list-item\">\n\t\t\t\t\t\t\t\t\t\t\t<a href=\"mailto:hello@domained.hu\">\n\n\t\t\t\t\t\t\t\t\t\t\t\t<span class=\"elementor-icon-list-icon\">\n\t\t\t\t\t\t\t<svg aria-hidden=\"true\" class=\"e-font-icon-svg e-fas-envelope\" viewBox=\"0 0 512 512\" xmlns=\"http:\/\/www.w3.org\/2000\/svg\"><path d=\"M502.3 190.8c3.9-3.1 9.7-.2 9.7 4.7V400c0 26.5-21.5 48-48 48H48c-26.5 0-48-21.5-48-48V195.6c0-5 5.7-7.8 9.7-4.7 22.4 17.4 52.1 39.5 154.1 113.6 21.1 15.4 56.7 47.8 92.2 47.6 35.7.3 72-32.8 92.3-47.6 102-74.1 131.6-96.3 154-113.7zM256 320c23.2.4 56.6-29.2 73.4-41.4 132.7-96.3 142.8-104.7 173.4-128.7 5.8-4.5 9.2-11.5 9.2-18.9v-19c0-26.5-21.5-48-48-48H48C21.5 64 0 85.5 0 112v19c0 7.4 3.4 14.3 9.2 18.9 30.6 23.9 40.7 32.4 173.4 128.7 16.8 12.2 50.2 41.8 73.4 41.4z\"><\/path><\/svg>\t\t\t\t\t\t<\/span>\n\t\t\t\t\t\t\t\t\t\t<span class=\"elementor-icon-list-text\">info@nikidebreceni.hu<\/span>\n\t\t\t\t\t\t\t\t\t\t\t<\/a>\n\t\t\t\t\t\t\t\t\t<\/li>\n\t\t\t\t\t\t<\/ul>\n\t\t\t\t\t\t<\/div>\n\t\t\t\t<\/div>\n\t\t\t\t<div class=\"elementor-element elementor-element-cd38c57 elementor-icon-list--layout-traditional elementor-list-item-link-full_width elementor-widget elementor-widget-icon-list\" data-id=\"cd38c57\" data-element_type=\"widget\" data-e-type=\"widget\" data-widget_type=\"icon-list.default\">\n\t\t\t\t<div class=\"elementor-widget-container\">\n\t\t\t\t\t\t\t<ul class=\"elementor-icon-list-items\">\n\t\t\t\t\t\t\t<li class=\"elementor-icon-list-item\">\n\t\t\t\t\t\t\t\t\t\t\t<a href=\"tel:06701234567\">\n\n\t\t\t\t\t\t\t\t\t\t\t\t<span class=\"elementor-icon-list-icon\">\n\t\t\t\t\t\t\t<svg aria-hidden=\"true\" class=\"e-font-icon-svg e-fas-phone-alt\" viewBox=\"0 0 512 512\" xmlns=\"http:\/\/www.w3.org\/2000\/svg\"><path d=\"M497.39 361.8l-112-48a24 24 0 0 0-28 6.9l-49.6 60.6A370.66 370.66 0 0 1 130.6 204.11l60.6-49.6a23.94 23.94 0 0 0 6.9-28l-48-112A24.16 24.16 0 0 0 122.6.61l-104 24A24 24 0 0 0 0 48c0 256.5 207.9 464 464 464a24 24 0 0 0 23.4-18.6l24-104a24.29 24.29 0 0 0-14.01-27.6z\"><\/path><\/svg>\t\t\t\t\t\t<\/span>\n\t\t\t\t\t\t\t\t\t\t<span class=\"elementor-icon-list-text\">+36 30 568 2162<\/span>\n\t\t\t\t\t\t\t\t\t\t\t<\/a>\n\t\t\t\t\t\t\t\t\t<\/li>\n\t\t\t\t\t\t<\/ul>\n\t\t\t\t\t\t<\/div>\n\t\t\t\t<\/div>\n\t\t\t\t\t<\/div>\n\t\t\t\t<\/div>\n\t\t\t\t<\/div>\n\t\t<div class=\"elementor-element elementor-element-619a227 e-con-full e-flex e-con e-child\" data-id=\"619a227\" data-element_type=\"container\" data-e-type=\"container\">\n\t\t\t\t<div class=\"elementor-element elementor-element-55269e2 elementor-widget elementor-widget-heading\" data-id=\"55269e2\" data-element_type=\"widget\" data-e-type=\"widget\" data-widget_type=\"heading.default\">\n\t\t\t\t<div class=\"elementor-widget-container\">\n\t\t\t\t\t<h2 class=\"elementor-heading-title elementor-size-default\">L\u00e9pj\u00fcnk kapcsolatba \u2013 kezdj\u00fck el k\u00f6z\u00f6sen az alkot\u00e1st!<\/h2>\t\t\t\t<\/div>\n\t\t\t\t<\/div>\n\t\t\t\t<div class=\"elementor-element elementor-element-8eba6f7 elementor-widget-tablet__width-inherit elementor-button-align-stretch elementor-widget elementor-widget-form\" data-id=\"8eba6f7\" data-element_type=\"widget\" data-e-type=\"widget\" data-settings=\"{&quot;step_next_label&quot;:&quot;K\\u00f6vetkez\\u0151&quot;,&quot;step_previous_label&quot;:&quot;El\\u0151z\\u0151&quot;,&quot;step_type&quot;:&quot;number_text&quot;,&quot;step_icon_shape&quot;:&quot;circle&quot;}\" data-widget_type=\"form.default\">\n\t\t\t\t<div class=\"elementor-widget-container\">\n\t\t\t\t\t\t\t<form class=\"elementor-form\" method=\"post\" name=\"\u00daj \u0171rlap\" aria-label=\"\u00daj \u0171rlap\">\n\t\t\t<input type=\"hidden\" name=\"post_id\" value=\"25\"\/>\n\t\t\t<input type=\"hidden\" name=\"form_id\" value=\"8eba6f7\"\/>\n\t\t\t<input type=\"hidden\" name=\"referer_title\" value=\"Kapcsolat - Niki_Debreceni\" \/>\n\n\t\t\t\t\t\t\t<input type=\"hidden\" name=\"queried_id\" value=\"25\"\/>\n\t\t\t\n\t\t\t<div class=\"elementor-form-fields-wrapper elementor-labels-above\">\n\t\t\t\t\t\t\t\t<div class=\"elementor-field-type-text elementor-field-group elementor-column elementor-field-group-field_866aa75 elementor-col-100 elementor-field-required\">\n\t\t\t\t\t\t\t\t\t\t\t\t<label for=\"form-field-field_866aa75\" class=\"elementor-field-label\">\n\t\t\t\t\t\t\t\tTeljes n\u00e9v\t\t\t\t\t\t\t<\/label>\n\t\t\t\t\t\t\t\t\t\t\t\t\t\t<input size=\"1\" type=\"text\" name=\"form_fields[field_866aa75]\" id=\"form-field-field_866aa75\" class=\"elementor-field elementor-size-sm  elementor-field-textual\" placeholder=\"Teljes n\u00e9v\" required=\"required\">\n\t\t\t\t\t\t\t\t\t\t\t<\/div>\n\t\t\t\t\t\t\t\t<div class=\"elementor-field-type-email elementor-field-group elementor-column elementor-field-group-name elementor-col-100 elementor-field-required\">\n\t\t\t\t\t\t\t\t\t\t\t\t<label for=\"form-field-name\" class=\"elementor-field-label\">\n\t\t\t\t\t\t\t\tE-mail c\u00edm\t\t\t\t\t\t\t<\/label>\n\t\t\t\t\t\t\t\t\t\t\t\t\t\t<input size=\"1\" type=\"email\" name=\"form_fields[name]\" id=\"form-field-name\" class=\"elementor-field elementor-size-sm  elementor-field-textual\" placeholder=\"E-mail c\u00edm\" required=\"required\">\n\t\t\t\t\t\t\t\t\t\t\t<\/div>\n\t\t\t\t\t\t\t\t<div class=\"elementor-field-type-textarea elementor-field-group elementor-column elementor-field-group-field_b9dcf63 elementor-col-100\">\n\t\t\t\t\t\t\t\t\t\t\t\t<label for=\"form-field-field_b9dcf63\" class=\"elementor-field-label\">\n\t\t\t\t\t\t\t\t\u00dczenet\t\t\t\t\t\t\t<\/label>\n\t\t\t\t\t\t<textarea class=\"elementor-field-textual elementor-field  elementor-size-sm\" name=\"form_fields[field_b9dcf63]\" id=\"form-field-field_b9dcf63\" rows=\"4\" placeholder=\"\u00dczenet\"><\/textarea>\t\t\t\t<\/div>\n\t\t\t\t\t\t\t\t<div class=\"elementor-field-type-acceptance elementor-field-group elementor-column elementor-field-group-field_b073c3f elementor-col-100 elementor-field-required\">\n\t\t\t\t\t\t\t<div class=\"elementor-field-subgroup\">\n\t\t\t<span class=\"elementor-field-option\">\n\t\t\t\t<input type=\"checkbox\" name=\"form_fields[field_b073c3f]\" id=\"form-field-field_b073c3f\" class=\"elementor-field elementor-size-sm  elementor-acceptance-field\" required=\"required\">\n\t\t\t\t<label for=\"form-field-field_b073c3f\">Elolvastam \u00e9s elfogadom az <a href=\"\/adatkezelesi-tajekoztato\/ \"target=\"_blank\">adatkezel\u00e9si t\u00e1j\u00e9koztat\u00f3t.<\/a><\/label>\t\t\t<\/span>\n\t\t<\/div>\n\t\t\t\t\t\t<\/div>\n\t\t\t\t\t\t\t\t<div class=\"elementor-field-group elementor-column elementor-field-type-submit elementor-col-100 e-form__buttons\">\n\t\t\t\t\t<button class=\"elementor-button elementor-size-sm\" type=\"submit\">\n\t\t\t\t\t\t<span class=\"elementor-button-content-wrapper\">\n\t\t\t\t\t\t\t\t\t\t\t\t\t\t\t\t\t\t\t\t\t\t<span class=\"elementor-button-text\">K\u00fcld\u00e9s<\/span>\n\t\t\t\t\t\t\t\t\t\t\t\t\t<\/span>\n\t\t\t\t\t<\/button>\n\t\t\t\t<\/div>\n\t\t\t<\/div>\n\t\t<\/form>\n\t\t\t\t\t\t<\/div>\n\t\t\t\t<\/div>\n\t\t\t\t<\/div>\n\t\t\t\t\t<\/div>\n\t\t\t\t<\/div>\n\t\t\t\t<\/div>\n\t\t","protected":false},"excerpt":{"rendered":"<p>\u00cdrj b\u00e1tran az \u0171rlapon kereszt\u00fcl, \u00e9s hamarosan v\u00e1laszolok!Hogy g\u00f6rd\u00fcl\u00e9kenyen tudjunk egyeztetni, k\u00e9rlek, az al\u00e1bbi inform\u00e1ci\u00f3kat \u00edrd meg nekem: Milyen projektre szeretn\u00e9l aj\u00e1nlatot k\u00e9rni? (pl. k\u00f6nyvillusztr\u00e1ci\u00f3, karaktertervez\u00e9s, weboldalterv stb.) Mi a projekt c\u00e9lja, t\u00e9m\u00e1ja, hangulata? Milyen hat\u00e1rid\u0151re lenne sz\u00fcks\u00e9ged? Van-e m\u00e1r elk\u00e9pzel\u00e9sed a st\u00edlusr\u00f3l, tartalomr\u00f3l vagy funkci\u00f3kr\u00f3l? Ha van r\u00e1 lehet\u0151s\u00e9ged, k\u00e9rlek Google Drive-linken kereszt\u00fcl oszd [&hellip;]<\/p>\n","protected":false},"author":1,"featured_media":0,"parent":0,"menu_order":0,"comment_status":"closed","ping_status":"closed","template":"","meta":{"footnotes":""},"class_list":["post-25","page","type-page","status-publish","hentry"],"yoast_head":"<!-- This site is optimized with the Yoast SEO plugin v27.6 - https:\/\/yoast.com\/product\/yoast-seo-wordpress\/ -->\n<title>Kapcsolat - Niki_Debreceni<\/title>\n<meta name=\"robots\" content=\"index, follow, max-snippet:-1, max-image-preview:large, max-video-preview:-1\" \/>\n<link rel=\"canonical\" href=\"https:\/\/nikidebreceni.hu\/en\/kapcsolat\/\" \/>\n<meta property=\"og:locale\" content=\"en_US\" \/>\n<meta property=\"og:type\" content=\"article\" \/>\n<meta property=\"og:title\" content=\"Kapcsolat - Niki_Debreceni\" \/>\n<meta property=\"og:description\" content=\"\u00cdrj b\u00e1tran az \u0171rlapon kereszt\u00fcl, \u00e9s hamarosan v\u00e1laszolok!Hogy g\u00f6rd\u00fcl\u00e9kenyen tudjunk egyeztetni, k\u00e9rlek, az al\u00e1bbi inform\u00e1ci\u00f3kat \u00edrd meg nekem: Milyen projektre szeretn\u00e9l aj\u00e1nlatot k\u00e9rni? (pl. k\u00f6nyvillusztr\u00e1ci\u00f3, karaktertervez\u00e9s, weboldalterv stb.) Mi a projekt c\u00e9lja, t\u00e9m\u00e1ja, hangulata? Milyen hat\u00e1rid\u0151re lenne sz\u00fcks\u00e9ged? Van-e m\u00e1r elk\u00e9pzel\u00e9sed a st\u00edlusr\u00f3l, tartalomr\u00f3l vagy funkci\u00f3kr\u00f3l? Ha van r\u00e1 lehet\u0151s\u00e9ged, k\u00e9rlek Google Drive-linken kereszt\u00fcl oszd [&hellip;]\" \/>\n<meta property=\"og:url\" content=\"https:\/\/nikidebreceni.hu\/en\/kapcsolat\/\" \/>\n<meta property=\"og:site_name\" content=\"Niki_Debreceni\" \/>\n<meta property=\"article:modified_time\" content=\"2025-05-10T18:02:47+00:00\" \/>\n<meta name=\"twitter:card\" content=\"summary_large_image\" \/>\n<meta name=\"twitter:label1\" content=\"Est. reading time\" \/>\n\t<meta name=\"twitter:data1\" content=\"1 minute\" \/>\n<script type=\"application\/ld+json\" class=\"yoast-schema-graph\">{\"@context\":\"https:\\\/\\\/schema.org\",\"@graph\":[{\"@type\":\"WebPage\",\"@id\":\"https:\\\/\\\/nikidebreceni.hu\\\/kapcsolat\\\/\",\"url\":\"https:\\\/\\\/nikidebreceni.hu\\\/kapcsolat\\\/\",\"name\":\"Kapcsolat - Niki_Debreceni\",\"isPartOf\":{\"@id\":\"https:\\\/\\\/nikidebreceni.hu\\\/#website\"},\"datePublished\":\"2025-03-30T10:47:04+00:00\",\"dateModified\":\"2025-05-10T18:02:47+00:00\",\"breadcrumb\":{\"@id\":\"https:\\\/\\\/nikidebreceni.hu\\\/kapcsolat\\\/#breadcrumb\"},\"inLanguage\":\"en-US\",\"potentialAction\":[{\"@type\":\"ReadAction\",\"target\":[\"https:\\\/\\\/nikidebreceni.hu\\\/kapcsolat\\\/\"]}]},{\"@type\":\"BreadcrumbList\",\"@id\":\"https:\\\/\\\/nikidebreceni.hu\\\/kapcsolat\\\/#breadcrumb\",\"itemListElement\":[{\"@type\":\"ListItem\",\"position\":1,\"name\":\"Kezd\u0151lap\",\"item\":\"https:\\\/\\\/nikidebreceni.hu\\\/\"},{\"@type\":\"ListItem\",\"position\":2,\"name\":\"Kapcsolat\"}]},{\"@type\":\"WebSite\",\"@id\":\"https:\\\/\\\/nikidebreceni.hu\\\/#website\",\"url\":\"https:\\\/\\\/nikidebreceni.hu\\\/\",\"name\":\"Niki_Debreceni\",\"description\":\"K\u00e9zzel rajzolt \u00f6tletek \u00e9s digit\u00e1lis \u00e9lm\u00e9nyek\",\"publisher\":{\"@id\":\"https:\\\/\\\/nikidebreceni.hu\\\/#organization\"},\"potentialAction\":[{\"@type\":\"SearchAction\",\"target\":{\"@type\":\"EntryPoint\",\"urlTemplate\":\"https:\\\/\\\/nikidebreceni.hu\\\/?s={search_term_string}\"},\"query-input\":{\"@type\":\"PropertyValueSpecification\",\"valueRequired\":true,\"valueName\":\"search_term_string\"}}],\"inLanguage\":\"en-US\"},{\"@type\":\"Organization\",\"@id\":\"https:\\\/\\\/nikidebreceni.hu\\\/#organization\",\"name\":\"Niki_Debreceni\",\"url\":\"https:\\\/\\\/nikidebreceni.hu\\\/\",\"logo\":{\"@type\":\"ImageObject\",\"inLanguage\":\"en-US\",\"@id\":\"https:\\\/\\\/nikidebreceni.hu\\\/#\\\/schema\\\/logo\\\/image\\\/\",\"url\":\"https:\\\/\\\/nikidebreceni.hu\\\/wp-content\\\/uploads\\\/2025\\\/04\\\/logo-2.png\",\"contentUrl\":\"https:\\\/\\\/nikidebreceni.hu\\\/wp-content\\\/uploads\\\/2025\\\/04\\\/logo-2.png\",\"width\":800,\"height\":348,\"caption\":\"Niki_Debreceni\"},\"image\":{\"@id\":\"https:\\\/\\\/nikidebreceni.hu\\\/#\\\/schema\\\/logo\\\/image\\\/\"}}]}<\/script>\n<!-- \/ Yoast SEO plugin. -->","yoast_head_json":{"title":"Kapcsolat - Niki_Debreceni","robots":{"index":"index","follow":"follow","max-snippet":"max-snippet:-1","max-image-preview":"max-image-preview:large","max-video-preview":"max-video-preview:-1"},"canonical":"https:\/\/nikidebreceni.hu\/en\/kapcsolat\/","og_locale":"en_US","og_type":"article","og_title":"Kapcsolat - Niki_Debreceni","og_description":"\u00cdrj b\u00e1tran az \u0171rlapon kereszt\u00fcl, \u00e9s hamarosan v\u00e1laszolok!Hogy g\u00f6rd\u00fcl\u00e9kenyen tudjunk egyeztetni, k\u00e9rlek, az al\u00e1bbi inform\u00e1ci\u00f3kat \u00edrd meg nekem: Milyen projektre szeretn\u00e9l aj\u00e1nlatot k\u00e9rni? (pl. k\u00f6nyvillusztr\u00e1ci\u00f3, karaktertervez\u00e9s, weboldalterv stb.) Mi a projekt c\u00e9lja, t\u00e9m\u00e1ja, hangulata? Milyen hat\u00e1rid\u0151re lenne sz\u00fcks\u00e9ged? Van-e m\u00e1r elk\u00e9pzel\u00e9sed a st\u00edlusr\u00f3l, tartalomr\u00f3l vagy funkci\u00f3kr\u00f3l? Ha van r\u00e1 lehet\u0151s\u00e9ged, k\u00e9rlek Google Drive-linken kereszt\u00fcl oszd [&hellip;]","og_url":"https:\/\/nikidebreceni.hu\/en\/kapcsolat\/","og_site_name":"Niki_Debreceni","article_modified_time":"2025-05-10T18:02:47+00:00","twitter_card":"summary_large_image","twitter_misc":{"Est. reading time":"1 minute"},"schema":{"@context":"https:\/\/schema.org","@graph":[{"@type":"WebPage","@id":"https:\/\/nikidebreceni.hu\/kapcsolat\/","url":"https:\/\/nikidebreceni.hu\/kapcsolat\/","name":"Kapcsolat - Niki_Debreceni","isPartOf":{"@id":"https:\/\/nikidebreceni.hu\/#website"},"datePublished":"2025-03-30T10:47:04+00:00","dateModified":"2025-05-10T18:02:47+00:00","breadcrumb":{"@id":"https:\/\/nikidebreceni.hu\/kapcsolat\/#breadcrumb"},"inLanguage":"en-US","potentialAction":[{"@type":"ReadAction","target":["https:\/\/nikidebreceni.hu\/kapcsolat\/"]}]},{"@type":"BreadcrumbList","@id":"https:\/\/nikidebreceni.hu\/kapcsolat\/#breadcrumb","itemListElement":[{"@type":"ListItem","position":1,"name":"Kezd\u0151lap","item":"https:\/\/nikidebreceni.hu\/"},{"@type":"ListItem","position":2,"name":"Kapcsolat"}]},{"@type":"WebSite","@id":"https:\/\/nikidebreceni.hu\/#website","url":"https:\/\/nikidebreceni.hu\/","name":"Niki_Debreceni","description":"K\u00e9zzel rajzolt \u00f6tletek \u00e9s digit\u00e1lis \u00e9lm\u00e9nyek","publisher":{"@id":"https:\/\/nikidebreceni.hu\/#organization"},"potentialAction":[{"@type":"SearchAction","target":{"@type":"EntryPoint","urlTemplate":"https:\/\/nikidebreceni.hu\/?s={search_term_string}"},"query-input":{"@type":"PropertyValueSpecification","valueRequired":true,"valueName":"search_term_string"}}],"inLanguage":"en-US"},{"@type":"Organization","@id":"https:\/\/nikidebreceni.hu\/#organization","name":"Niki_Debreceni","url":"https:\/\/nikidebreceni.hu\/","logo":{"@type":"ImageObject","inLanguage":"en-US","@id":"https:\/\/nikidebreceni.hu\/#\/schema\/logo\/image\/","url":"https:\/\/nikidebreceni.hu\/wp-content\/uploads\/2025\/04\/logo-2.png","contentUrl":"https:\/\/nikidebreceni.hu\/wp-content\/uploads\/2025\/04\/logo-2.png","width":800,"height":348,"caption":"Niki_Debreceni"},"image":{"@id":"https:\/\/nikidebreceni.hu\/#\/schema\/logo\/image\/"}}]}},"_links":{"self":[{"href":"https:\/\/nikidebreceni.hu\/en\/wp-json\/wp\/v2\/pages\/25","targetHints":{"allow":["GET"]}}],"collection":[{"href":"https:\/\/nikidebreceni.hu\/en\/wp-json\/wp\/v2\/pages"}],"about":[{"href":"https:\/\/nikidebreceni.hu\/en\/wp-json\/wp\/v2\/types\/page"}],"author":[{"embeddable":true,"href":"https:\/\/nikidebreceni.hu\/en\/wp-json\/wp\/v2\/users\/1"}],"replies":[{"embeddable":true,"href":"https:\/\/nikidebreceni.hu\/en\/wp-json\/wp\/v2\/comments?post=25"}],"version-history":[{"count":47,"href":"https:\/\/nikidebreceni.hu\/en\/wp-json\/wp\/v2\/pages\/25\/revisions"}],"predecessor-version":[{"id":2714,"href":"https:\/\/nikidebreceni.hu\/en\/wp-json\/wp\/v2\/pages\/25\/revisions\/2714"}],"wp:attachment":[{"href":"https:\/\/nikidebreceni.hu\/en\/wp-json\/wp\/v2\/media?parent=25"}],"curies":[{"name":"wp","href":"https:\/\/api.w.org\/{rel}","templated":true}]}}